{"id":17,"date":"2025-03-01T14:49:48","date_gmt":"2025-03-01T13:49:48","guid":{"rendered":"https:\/\/www.alfafairs.cz\/?page_id=17"},"modified":"2025-03-12T01:02:13","modified_gmt":"2025-03-12T00:02:13","slug":"domu","status":"publish","type":"page","link":"https:\/\/www.alfafairs.cz\/","title":{"rendered":"Dom\u016f"},"content":{"rendered":"\t\t<div data-elementor-type=\"wp-page\" data-elementor-id=\"17\" class=\"elementor elementor-17\">\n\t\t\t\t<div class=\"elementor-element elementor-element-00872ab e-flex e-con-boxed e-con e-parent\" data-id=\"00872ab\" data-element_type=\"container\" data-settings=\"{&quot;background_background&quot;:&quot;classic&quot;}\">\n\t\t\t\t\t<div class=\"e-con-inner\">\n\t\t<div class=\"elementor-element elementor-element-4709062 e-con-full e-flex e-con e-child\" data-id=\"4709062\" data-element_type=\"container\" data-settings=\"{&quot;background_background&quot;:&quot;classic&quot;}\">\n\t\t<div class=\"elementor-element elementor-element-ba2a2e0 e-con-full e-flex e-con e-child\" data-id=\"ba2a2e0\" data-element_type=\"container\" data-settings=\"{&quot;background_background&quot;:&quot;classic&quot;}\">\n\t\t\t\t<div class=\"elementor-element elementor-element-021691b textik elementor-widget elementor-widget-heading\" data-id=\"021691b\" data-element_type=\"widget\" id=\"textik\" data-widget_type=\"heading.default\">\n\t\t\t\t<div class=\"elementor-widget-container\">\n\t\t\t\t\t<h2 class=\"elementor-heading-title elementor-size-default\"><a href=\"#praxe\">HLED\u00c1\u0160 PR\u00c1CI?<BR>\nPRAXI?\nST\u00c1\u017d?<\/a><\/h2>\t\t\t\t<\/div>\n\t\t\t\t<\/div>\n\t\t\t\t<\/div>\n\t\t\t\t<\/div>\n\t\t<div class=\"elementor-element elementor-element-18c0709 e-con-full e-flex e-con e-child\" data-id=\"18c0709\" data-element_type=\"container\" data-settings=\"{&quot;background_background&quot;:&quot;classic&quot;}\">\n\t\t<div class=\"elementor-element elementor-element-c3fc66b e-con-full e-flex e-con e-child\" data-id=\"c3fc66b\" data-element_type=\"container\" data-settings=\"{&quot;background_background&quot;:&quot;classic&quot;}\">\n\t\t\t\t<div class=\"elementor-element elementor-element-f890d46 textik elementor-widget elementor-widget-heading\" data-id=\"f890d46\" data-element_type=\"widget\" id=\"textik\" data-widget_type=\"heading.default\">\n\t\t\t\t<div class=\"elementor-widget-container\">\n\t\t\t\t\t<h2 class=\"elementor-heading-title elementor-size-default\"><a href=\"mailto:info@alfafairs.cz\">CHCI ST\u00c1NEK!<\/a><\/h2>\t\t\t\t<\/div>\n\t\t\t\t<\/div>\n\t\t\t\t<\/div>\n\t\t\t\t<\/div>\n\t\t\t\t\t<\/div>\n\t\t\t\t<\/div>\n\t\t<div class=\"elementor-element elementor-element-797817b e-flex e-con-boxed e-con e-parent\" data-id=\"797817b\" data-element_type=\"container\" id=\"veletrh\" data-settings=\"{&quot;background_background&quot;:&quot;classic&quot;}\">\n\t\t\t\t\t<div class=\"e-con-inner\">\n\t\t<div class=\"elementor-element elementor-element-38e8172 e-con-full e-flex e-con e-child\" data-id=\"38e8172\" data-element_type=\"container\" data-settings=\"{&quot;background_background&quot;:&quot;classic&quot;}\">\n\t\t\t\t<div class=\"elementor-element elementor-element-7ab6c65 elementor-widget elementor-widget-heading\" data-id=\"7ab6c65\" data-element_type=\"widget\" data-widget_type=\"heading.default\">\n\t\t\t\t<div class=\"elementor-widget-container\">\n\t\t\t\t\t<h2 class=\"elementor-heading-title elementor-size-default\">VELETRHY<\/h2>\t\t\t\t<\/div>\n\t\t\t\t<\/div>\n\t\t\t\t<\/div>\n\t\t\t\t<div class=\"elementor-element elementor-element-b68a336 elementor-widget elementor-widget-html\" data-id=\"b68a336\" data-element_type=\"widget\" data-widget_type=\"html.default\">\n\t\t\t\t<div class=\"elementor-widget-container\">\n\t\t\t\t\t<style>\n    \n    .textik{\n        text-decoration: none;\n        \n        \n    }\n    \n    \n    .ast-single-post .entry-content a, .ast-comment-content a:not(.ast-comment-edit-reply-wrap a){\n        text-decoration: none;\n        \n        \n    }\n    \n    \n<\/style>\t\t\t\t<\/div>\n\t\t\t\t<\/div>\n\t\t<div class=\"elementor-element elementor-element-820283d e-con-full e-flex e-con e-child\" data-id=\"820283d\" data-element_type=\"container\" id=\"praxe\">\n\t\t<div class=\"elementor-element elementor-element-3f1d951 e-con-full e-flex e-con e-child\" data-id=\"3f1d951\" data-element_type=\"container\">\n\t\t\t\t<div class=\"elementor-element elementor-element-1a0607d elementor-widget elementor-widget-image\" data-id=\"1a0607d\" data-element_type=\"widget\" data-widget_type=\"image.default\">\n\t\t\t\t<div class=\"elementor-widget-container\">\n\t\t\t\t\t\t\t\t\t\t\t\t\t\t\t\t<a href=\"https:\/\/www.facebook.com\/veletrhpraceveseli\/?locale=cs_CZ\">\n\t\t\t\t\t\t\t<img decoding=\"async\" width=\"180\" height=\"180\" src=\"https:\/\/www.alfafairs.cz\/wp-content\/uploads\/2025\/03\/327155729_542369350988270_6769564611341910819_n-1.jpg\" class=\"elementor-animation-grow attachment-large size-large wp-image-215\" alt=\"\" srcset=\"https:\/\/www.alfafairs.cz\/wp-content\/uploads\/2025\/03\/327155729_542369350988270_6769564611341910819_n-1.jpg 180w, https:\/\/www.alfafairs.cz\/wp-content\/uploads\/2025\/03\/327155729_542369350988270_6769564611341910819_n-1-150x150.jpg 150w\" sizes=\"(max-width: 180px) 100vw, 180px\" \/>\t\t\t\t\t\t\t\t<\/a>\n\t\t\t\t\t\t\t\t\t\t\t\t\t\t\t<\/div>\n\t\t\t\t<\/div>\n\t\t\t\t<\/div>\n\t\t<div class=\"elementor-element elementor-element-753b4ce e-con-full e-flex e-con e-child\" data-id=\"753b4ce\" data-element_type=\"container\">\n\t\t\t\t<div class=\"elementor-element elementor-element-e2a6165 elementor-widget elementor-widget-image\" data-id=\"e2a6165\" data-element_type=\"widget\" data-widget_type=\"image.default\">\n\t\t\t\t<div class=\"elementor-widget-container\">\n\t\t\t\t\t\t\t\t\t\t\t\t\t\t\t\t<a href=\"https:\/\/www.facebook.com\/jobdayhodonin?locale=cs_CZ\">\n\t\t\t\t\t\t\t<img fetchpriority=\"high\" decoding=\"async\" width=\"554\" height=\"467\" src=\"https:\/\/www.alfafairs.cz\/wp-content\/uploads\/2025\/03\/325330603_552191573632114_415646341744117760_n-1.jpg\" class=\"elementor-animation-grow attachment-large size-large wp-image-216\" alt=\"\" srcset=\"https:\/\/www.alfafairs.cz\/wp-content\/uploads\/2025\/03\/325330603_552191573632114_415646341744117760_n-1.jpg 554w, https:\/\/www.alfafairs.cz\/wp-content\/uploads\/2025\/03\/325330603_552191573632114_415646341744117760_n-1-300x253.jpg 300w\" sizes=\"(max-width: 554px) 100vw, 554px\" \/>\t\t\t\t\t\t\t\t<\/a>\n\t\t\t\t\t\t\t\t\t\t\t\t\t\t\t<\/div>\n\t\t\t\t<\/div>\n\t\t\t\t<\/div>\n\t\t<div class=\"elementor-element elementor-element-b28aaff e-con-full e-flex e-con e-child\" data-id=\"b28aaff\" data-element_type=\"container\">\n\t\t\t\t<div class=\"elementor-element elementor-element-ff68a06 elementor-widget elementor-widget-image\" data-id=\"ff68a06\" data-element_type=\"widget\" data-widget_type=\"image.default\">\n\t\t\t\t<div class=\"elementor-widget-container\">\n\t\t\t\t\t\t\t\t\t\t\t\t\t\t\t\t<a href=\"https:\/\/www.facebook.com\/jobdayzahorie?locale=cs_CZ\">\n\t\t\t\t\t\t\t<img decoding=\"async\" width=\"160\" height=\"160\" src=\"https:\/\/www.alfafairs.cz\/wp-content\/uploads\/2025\/03\/302185439_510151397780433_6147988416716150919_n.jpg\" class=\"elementor-animation-grow attachment-large size-large wp-image-217\" alt=\"\" srcset=\"https:\/\/www.alfafairs.cz\/wp-content\/uploads\/2025\/03\/302185439_510151397780433_6147988416716150919_n.jpg 160w, https:\/\/www.alfafairs.cz\/wp-content\/uploads\/2025\/03\/302185439_510151397780433_6147988416716150919_n-150x150.jpg 150w\" sizes=\"(max-width: 160px) 100vw, 160px\" \/>\t\t\t\t\t\t\t\t<\/a>\n\t\t\t\t\t\t\t\t\t\t\t\t\t\t\t<\/div>\n\t\t\t\t<\/div>\n\t\t\t\t<\/div>\n\t\t\t\t<\/div>\n\t\t\t\t\t<\/div>\n\t\t\t\t<\/div>\n\t\t<div class=\"elementor-element elementor-element-1615395 e-flex e-con-boxed e-con e-parent\" data-id=\"1615395\" data-element_type=\"container\" data-settings=\"{&quot;background_background&quot;:&quot;classic&quot;}\">\n\t\t\t\t\t<div class=\"e-con-inner\">\n\t\t<div class=\"elementor-element elementor-element-dddc7ba e-con-full e-flex e-con e-child\" data-id=\"dddc7ba\" data-element_type=\"container\" data-settings=\"{&quot;background_background&quot;:&quot;classic&quot;}\">\n\t\t\t\t<div class=\"elementor-element elementor-element-d75eec9 elementor-widget elementor-widget-heading\" data-id=\"d75eec9\" data-element_type=\"widget\" data-widget_type=\"heading.default\">\n\t\t\t\t<div class=\"elementor-widget-container\">\n\t\t\t\t\t<h2 class=\"elementor-heading-title elementor-size-default\">O N\u00c1S<\/h2>\t\t\t\t<\/div>\n\t\t\t\t<\/div>\n\t\t\t\t<\/div>\n\t\t\t\t<div class=\"elementor-element elementor-element-5602bae elementor-widget elementor-widget-text-editor\" data-id=\"5602bae\" data-element_type=\"widget\" data-widget_type=\"text-editor.default\">\n\t\t\t\t<div class=\"elementor-widget-container\">\n\t\t\t\t\t\t\t\t\t<p>Spole\u010dnost se zab\u00fdv\u00e1 po\u0159\u00e1d\u00e1n\u00edm veletrh\u016f pracovn\u00edch p\u0159\u00edle\u017eitost\u00ed,<br \/>event\u016f, koncert\u016f, festival\u016f, a dal\u0161\u00edch marketingov\u00fdch aktivit.<\/p>\t\t\t\t\t\t\t\t<\/div>\n\t\t\t\t<\/div>\n\t\t\t\t\t<\/div>\n\t\t\t\t<\/div>\n\t\t<div class=\"elementor-element elementor-element-1985fb2 e-flex e-con-boxed e-con e-parent\" data-id=\"1985fb2\" data-element_type=\"container\" id=\"aktuality\" data-settings=\"{&quot;background_background&quot;:&quot;classic&quot;}\">\n\t\t\t\t\t<div class=\"e-con-inner\">\n\t\t<div class=\"elementor-element elementor-element-108e147 e-con-full e-flex e-con e-child\" data-id=\"108e147\" data-element_type=\"container\" data-settings=\"{&quot;background_background&quot;:&quot;classic&quot;}\">\n\t\t\t\t<div class=\"elementor-element elementor-element-74ab591 elementor-widget elementor-widget-heading\" data-id=\"74ab591\" data-element_type=\"widget\" data-widget_type=\"heading.default\">\n\t\t\t\t<div class=\"elementor-widget-container\">\n\t\t\t\t\t<h2 class=\"elementor-heading-title elementor-size-default\">NEJNOV\u011aJ\u0160\u00cd AKTUALITY<\/h2>\t\t\t\t<\/div>\n\t\t\t\t<\/div>\n\t\t\t\t<\/div>\n\t\t\t\t<div class=\"elementor-element elementor-element-bc57b97 elementor-grid-eael-col-4 elementor-grid-tablet-eael-col-2 elementor-grid-mobile-eael-col-1 elementor-widget elementor-widget-eael-post-grid\" data-id=\"bc57b97\" data-element_type=\"widget\" data-settings=\"{&quot;eael_post_grid_columns&quot;:&quot;eael-col-4&quot;,&quot;eael_post_grid_columns_tablet&quot;:&quot;eael-col-2&quot;,&quot;eael_post_grid_columns_mobile&quot;:&quot;eael-col-1&quot;}\" data-widget_type=\"eael-post-grid.default\">\n\t\t\t\t<div class=\"elementor-widget-container\">\n\t\t\t\t\t<div id=\"eael-post-grid-bc57b97\" class=\"eael-post-grid-container\">\n            <div class=\"eael-post-grid eael-post-appender eael-post-appender-bc57b97 eael-post-grid-style-one\" data-layout-mode=\"grid\"><article class=\"eael-grid-post eael-post-grid-column\" data-id=\"1\">\n        <div class=\"eael-grid-post-holder\">\n            <div class=\"eael-grid-post-holder-inner\"><div class=\"eael-entry-media\"><div class=\"eael-entry-overlay fade-in\"><i class=\"fas fa-long-arrow-alt-right\" aria-hidden=\"true\"><\/i><a href=\"https:\/\/www.alfafairs.cz\/?p=1\"><\/a><\/div><div class=\"eael-entry-thumbnail \">\n                <img loading=\"lazy\" decoding=\"async\" width=\"768\" height=\"512\" src=\"https:\/\/www.alfafairs.cz\/wp-content\/uploads\/2025\/03\/image-2-768x512.jpg\" class=\"attachment-medium_large size-medium_large wp-image-70\" alt=\"\" srcset=\"https:\/\/www.alfafairs.cz\/wp-content\/uploads\/2025\/03\/image-2-768x512.jpg 768w, https:\/\/www.alfafairs.cz\/wp-content\/uploads\/2025\/03\/image-2-300x200.jpg 300w, https:\/\/www.alfafairs.cz\/wp-content\/uploads\/2025\/03\/image-2-1024x683.jpg 1024w, https:\/\/www.alfafairs.cz\/wp-content\/uploads\/2025\/03\/image-2-1536x1024.jpg 1536w, https:\/\/www.alfafairs.cz\/wp-content\/uploads\/2025\/03\/image-2-2048x1365.jpg 2048w\" sizes=\"(max-width: 768px) 100vw, 768px\" \/>\n            <\/div>\n        <\/div><div class=\"eael-entry-wrapper\"><header class=\"eael-entry-header\"><h2 class=\"eael-entry-title\"><a\n                        class=\"eael-grid-post-link\"\n                        href=\"https:\/\/www.alfafairs.cz\/?p=1\"\n                        title=\"Ahoj v\u0161ichni!\">Ahoj v\u0161ichni!<\/a><\/h2><\/header><div class=\"eael-entry-content\">\n                        <div class=\"eael-grid-post-excerpt\"><p>V\u00edtejte ve WordPressu. Toto je v\u00e1\u0161 prvn\u00ed p\u0159\u00edsp\u011bvek. M\u016f\u017eete ho...<\/p><a href=\"https:\/\/www.alfafairs.cz\/?p=1\" class=\"eael-post-elements-readmore-btn\">Zobrazit v\u0161e<\/a><\/div>\n                    <\/div><div class=\"eael-entry-footer\"><div class=\"eael-entry-meta\"><\/div><\/div><\/div><\/div>\n        <\/div>\n    <\/article><\/div>\n            <div class=\"clearfix\"><\/div>\n        <\/div>\t\t\t\t<\/div>\n\t\t\t\t<\/div>\n\t\t\t\t\t<\/div>\n\t\t\t\t<\/div>\n\t\t\t\t<\/div>\n\t\t","protected":false},"excerpt":{"rendered":"<p>HLED\u00c1\u0160 PR\u00c1CI? PRAXI? ST\u00c1\u017d? CHCI ST\u00c1NEK! VELETRHY O N\u00c1S Spole\u010dnost se zab\u00fdv\u00e1 po\u0159\u00e1d\u00e1n\u00edm veletrh\u016f pracovn\u00edch p\u0159\u00edle\u017eitost\u00ed,event\u016f, koncert\u016f, festival\u016f, a dal\u0161\u00edch [&hellip;]<\/p>\n","protected":false},"author":1,"featured_media":0,"parent":0,"menu_order":0,"comment_status":"closed","ping_status":"closed","template":"","meta":{"site-sidebar-layout":"no-sidebar","site-content-layout":"","ast-site-content-layout":"full-width-container","site-content-style":"default","site-sidebar-style":"default","ast-global-header-display":"","ast-banner-title-visibility":"","ast-main-header-display":"","ast-hfb-above-header-display":"","ast-hfb-below-header-display":"","ast-hfb-mobile-header-display":"","site-post-title":"disabled","ast-breadcrumbs-content":"","ast-featured-img":"disabled","footer-sml-layout":"","theme-transparent-header-meta":"","adv-header-id-meta":"","stick-header-meta":"","header-above-stick-meta":"","header-main-stick-meta":"","header-below-stick-meta":"","astra-migrate-meta-layouts":"default","ast-page-background-enabled":"default","ast-page-background-meta":{"desktop":{"background-color":"var(--ast-global-color-5)","background-image":"","background-repeat":"repeat","background-position":"center center","background-size":"auto","background-attachment":"scroll","background-type":"","background-media":"","overlay-type":"","overlay-color":"","overlay-opacity":"","overlay-gradient":""},"tablet":{"background-color":"","background-image":"","background-repeat":"repeat","background-position":"center center","background-size":"auto","background-attachment":"scroll","background-type":"","background-media":"","overlay-type":"","overlay-color":"","overlay-opacity":"","overlay-gradient":""},"mobile":{"background-color":"","background-image":"","background-repeat":"repeat","background-position":"center center","background-size":"auto","background-attachment":"scroll","background-type":"","background-media":"","overlay-type":"","overlay-color":"","overlay-opacity":"","overlay-gradient":""}},"ast-content-background-meta":{"desktop":{"background-color":"var(--ast-global-color-4)","background-image":"","background-repeat":"repeat","background-position":"center center","background-size":"auto","background-attachment":"scroll","background-type":"","background-media":"","overlay-type":"","overlay-color":"","overlay-opacity":"","overlay-gradient":""},"tablet":{"background-color":"var(--ast-global-color-4)","background-image":"","background-repeat":"repeat","background-position":"center center","background-size":"auto","background-attachment":"scroll","background-type":"","background-media":"","overlay-type":"","overlay-color":"","overlay-opacity":"","overlay-gradient":""},"mobile":{"background-color":"var(--ast-global-color-4)","background-image":"","background-repeat":"repeat","background-position":"center center","background-size":"auto","background-attachment":"scroll","background-type":"","background-media":"","overlay-type":"","overlay-color":"","overlay-opacity":"","overlay-gradient":""}},"footnotes":""},"class_list":["post-17","page","type-page","status-publish","hentry"],"_links":{"self":[{"href":"https:\/\/www.alfafairs.cz\/index.php?rest_route=\/wp\/v2\/pages\/17","targetHints":{"allow":["GET"]}}],"collection":[{"href":"https:\/\/www.alfafairs.cz\/index.php?rest_route=\/wp\/v2\/pages"}],"about":[{"href":"https:\/\/www.alfafairs.cz\/index.php?rest_route=\/wp\/v2\/types\/page"}],"author":[{"embeddable":true,"href":"https:\/\/www.alfafairs.cz\/index.php?rest_route=\/wp\/v2\/users\/1"}],"replies":[{"embeddable":true,"href":"https:\/\/www.alfafairs.cz\/index.php?rest_route=%2Fwp%2Fv2%2Fcomments&post=17"}],"version-history":[{"count":121,"href":"https:\/\/www.alfafairs.cz\/index.php?rest_route=\/wp\/v2\/pages\/17\/revisions"}],"predecessor-version":[{"id":226,"href":"https:\/\/www.alfafairs.cz\/index.php?rest_route=\/wp\/v2\/pages\/17\/revisions\/226"}],"wp:attachment":[{"href":"https:\/\/www.alfafairs.cz\/index.php?rest_route=%2Fwp%2Fv2%2Fmedia&parent=17"}],"curies":[{"name":"wp","href":"https:\/\/api.w.org\/{rel}","templated":true}]}}